{"id":1547,"date":"2024-12-19T12:26:53","date_gmt":"2024-12-19T12:26:53","guid":{"rendered":"https:\/\/ecodrive.com.pl\/en\/?page_id=1547"},"modified":"2025-01-30T09:20:41","modified_gmt":"2025-01-30T08:20:41","slug":"sign-up","status":"publish","type":"page","link":"https:\/\/ecodrive.com.pl\/en\/sign-up\/","title":{"rendered":"Sign up"},"content":{"rendered":"\t\t<div data-elementor-type=\"wp-page\" data-elementor-id=\"1547\" class=\"elementor elementor-1547\" data-elementor-post-type=\"page\">\n\t\t\t\t\t\t<section class=\"elementor-section elementor-top-section elementor-element elementor-element-e6ad594 elementor-section-full_width elementor-section-height-default elementor-section-height-default\" data-id=\"e6ad594\" data-element_type=\"section\">\n\t\t\t\t\t\t<div class=\"elementor-container elementor-column-gap-default\">\n\t\t\t\t\t<div class=\"elementor-column elementor-col-100 elementor-top-column elementor-element elementor-element-a21e924\" data-id=\"a21e924\" data-element_type=\"column\">\n\t\t\t<div class=\"elementor-widget-wrap elementor-element-populated\">\n\t\t\t\t\t\t<div class=\"elementor-element elementor-element-b6c86be elementor-widget elementor-widget-udrive_contact_us\" data-id=\"b6c86be\" data-element_type=\"widget\" data-widget_type=\"udrive_contact_us.default\">\n\t\t\t\t<div class=\"elementor-widget-container\">\n\t\t\t\t\t\t\t\n       \n        <!-- contact-section -->\n        <section class=\"contact-section\">\n                        <div class=\"shape\" style=\"background-image: url(https:\/\/ecodrive.com.pl\/en\/wp-content\/themes\/udrive\/assets\/images\/shape\/shape-5.png);\"><\/div>\n                        <div class=\"auto-container\">\n                <div class=\"inner-container\">\n                    <div class=\"row clearfix\">\n                        <div class=\"col-lg-5 col-md-12 col-sm-12 inner-column\">\n                           \t                            <div class=\"inner-box\" style=\"background-image: url(https:\/\/ecodrive.com.pl\/en\/wp-content\/uploads\/2024\/12\/2149891419.jpg);\">\n                                <div class=\"inner\">\n                                                                         <div class=\"single-item\">\n                                        <div class=\"icon-box\"><img decoding=\"async\" src=\"https:\/\/ecodrive.com.pl\/en\/wp-content\/uploads\/2022\/06\/icon-53.png\" alt=\"Awesome Image\"><\/div>\n                                        <h4>Nasz adres<\/h4>\n                                        <p>Biuro i sala wyk\u0142adowa: <br>\nul. Stefana Batorego 7\/6A<br>\n40-061 Katowice<\/p>\n                                    <\/div>\n                                                                        <div class=\"single-item\">\n                                        <div class=\"icon-box\"><img decoding=\"async\" src=\"https:\/\/ecodrive.com.pl\/en\/wp-content\/uploads\/2022\/06\/icon-54.png\" alt=\"Awesome Image\"><\/div>\n                                        <h4>Dane kontaktowe<\/h4>\n                                        <p>Telefon: 739-052-222<br>\nTelefon w j\u0119zyku angielskim: <br>\n733-511-301<br>\nbiuro@ecodrive.com.pl<br>\nNr konta bankowego (mbank): 66 1140 2004 0000 3502 8151 0293<\/p>\n                                    <\/div>\n                                                                        <div class=\"single-item\">\n                                        <div class=\"icon-box\"><img decoding=\"async\" src=\"https:\/\/ecodrive.com.pl\/en\/wp-content\/uploads\/2022\/06\/icon-55.png\" alt=\"Awesome Image\"><\/div>\n                                        <h4>Godziny otwarcia<\/h4>\n                                        <p>Nasze biuro jest czynne od poniedzia\u0142ku do pi\u0105tku w godzinach 9-18 po UPRZEDNIM UM\u00d3WIENIU TELEFONICZNYM<\/p>\n                                    <\/div>\n                                                                    <\/div>\n                                <ul class=\"social-links clearfix\">\n                                                                        <li><a href=\"https:\/\/www.facebook.com\/\"><i class=\"fab fa-facebook-f\"><\/i><\/a><\/li>\n                                                                        <li><a href=\"https:\/\/www.twitter.com\/\"><i class=\"fab fa-twitter\"><\/i><\/a><\/li>\n                                                                        <li><a href=\"https:\/\/www.linkedin.com\/\"><i class=\"fab fa-linkedin-in\"><\/i><\/a><\/li>\n                                                                        <li><a href=\"https:\/\/www.instagram.com\/\"><i class=\"fab fa-instagram\"><\/i><\/a><\/li>\n                                                                    <\/ul>\n                            <\/div>\n                                                    <\/div>\n                        <div class=\"col-lg-7 col-md-12 col-sm-12 form-column\">\n                            <div class=\"form-inner\">\n                                                                <div class=\"sec-title light\">\n                                    <h2>Sign up for the course<\/h2>                                     <p>We will reply within 24 hours<\/p>                                 <\/div>\n                                                                \n\t\t\t\t\t\t\t\t                               \t \t\n<div class=\"wpcf7 no-js\" id=\"wpcf7-f1721-o1\" lang=\"en-US\" dir=\"ltr\" data-wpcf7-id=\"1721\">\n<div class=\"screen-reader-response\"><p role=\"status\" aria-live=\"polite\" aria-atomic=\"true\"><\/p> <ul><\/ul><\/div>\n<form action=\"\/en\/wp-json\/wp\/v2\/pages\/1547#wpcf7-f1721-o1\" method=\"post\" class=\"wpcf7-form init\" aria-label=\"Contact form\" novalidate=\"novalidate\" data-status=\"init\">\n<fieldset class=\"hidden-fields-container\"><input type=\"hidden\" name=\"_wpcf7\" value=\"1721\" \/><input type=\"hidden\" name=\"_wpcf7_version\" value=\"6.1\" \/><input type=\"hidden\" name=\"_wpcf7_locale\" value=\"en_US\" \/><input type=\"hidden\" name=\"_wpcf7_unit_tag\" value=\"wpcf7-f1721-o1\" \/><input type=\"hidden\" name=\"_wpcf7_container_post\" value=\"0\" \/><input type=\"hidden\" name=\"_wpcf7_posted_data_hash\" value=\"\" \/><input type=\"hidden\" name=\"_wpcf7_recaptcha_response\" value=\"\" \/>\n<\/fieldset>\n<div class=\"row clearfix\">\n\t<div class=\"col-lg-6 col-md-6 col-sm-12 form-group\">\n\t\t<p><span class=\"wpcf7-form-control-wrap\" data-name=\"text-476\"><input size=\"40\" maxlength=\"400\" class=\"wpcf7-form-control wpcf7-text wpcf7-validates-as-required\" aria-required=\"true\" aria-invalid=\"false\" placeholder=\"Name and surname\" value=\"\" type=\"text\" name=\"text-476\" \/><\/span>\n\t\t<\/p>\n\t<\/div>\n\t<div class=\"col-lg-6 col-md-6 col-sm-12 form-group\">\n\t\t<p><span class=\"wpcf7-form-control-wrap\" data-name=\"text-477\"><input size=\"40\" maxlength=\"400\" class=\"wpcf7-form-control wpcf7-text wpcf7-validates-as-required\" aria-required=\"true\" aria-invalid=\"false\" placeholder=\"Telephone\" value=\"\" type=\"text\" name=\"text-477\" \/><\/span>\n\t\t<\/p>\n\t<\/div>\n\t<div class=\"col-lg-6 col-md-6 col-sm-12 form-group\">\n\t<span class=\"wpcf7-form-control-wrap recaptcha\" data-name=\"recaptcha\"><span data-sitekey=\"6LecacwqAAAAAB90HwbvQDYJwD3M2tI81HfFD75z\" class=\"wpcf7-form-control wpcf7-recaptcha g-recaptcha\"><\/span>\r\n<noscript>\r\n\t<div class=\"grecaptcha-noscript\">\r\n\t\t<iframe src=\"https:\/\/www.google.com\/recaptcha\/api\/fallback?k=6LecacwqAAAAAB90HwbvQDYJwD3M2tI81HfFD75z\" frameborder=\"0\" scrolling=\"no\" width=\"310\" height=\"430\">\r\n\t\t<\/iframe>\r\n\t\t<textarea name=\"g-recaptcha-response\" rows=\"3\" cols=\"40\" placeholder=\"reCaptcha Response Here\">\r\n\t\t<\/textarea>\r\n\t<\/div>\r\n<\/noscript>\r\n<\/span>\n\t<\/div>\n\t<div class=\"col-lg-12 col-md-12 col-sm-12 form-group message-btn\">\n\t\t<p><button type=\"submit\" class=\"theme-btn\" name=\"submit-form\">Submit<\/button>\n\t\t<\/p>\n\t<\/div>\n<\/div><div class=\"wpcf7-response-output\" aria-hidden=\"true\"><\/div>\n<\/form>\n<\/div>\n                                                            <\/div>\n                        <\/div>\n                    <\/div>\n                                        <div class=\"lower-box centred\" style=\"background-image: url(https:\/\/ecodrive.com.pl\/en\/wp-content\/themes\/udrive\/assets\/images\/shape\/shape-100.png);\">\n                        <h5><a href=\"https:\/\/ecodrive.com.pl\/en\/kontakt\/\" target=\"_blank\">Contact us<\/a><\/h5>\n                    <\/div>\n                                    <\/div>\n            <\/div>\n        <\/section>\n        <!-- contact-section end -->\n       \n       \n             \n        \t\t\t\t<\/div>\n\t\t\t\t<\/div>\n\t\t\t\t\t<\/div>\n\t\t<\/div>\n\t\t\t\t\t<\/div>\n\t\t<\/section>\n\t\t\t\t<\/div>\n\t\t","protected":false},"excerpt":{"rendered":"<p>Nasz adres Biuro i sala wyk\u0142adowa: ul. Stefana Batorego 7\/6A 40-061 Katowice Dane kontaktowe Telefon: 739-052-222 Telefon w j\u0119zyku angielskim: 733-511-301 biuro@ecodrive.com.pl Nr konta bankowego (mbank): 66 1140 2004 0000 3502 8151 0293 Godziny otwarcia Nasze biuro jest czynne od poniedzia\u0142ku do pi\u0105tku w godzinach 9-18 po UPRZEDNIM UM\u00d3WIENIU TELEFONICZNYM Sign up for the course [&hellip;]<\/p>\n","protected":false},"author":1,"featured_media":0,"parent":0,"menu_order":0,"comment_status":"closed","ping_status":"closed","template":"tpl-default-elementor.php","meta":{"footnotes":""},"class_list":["post-1547","page","type-page","status-publish","hentry"],"_links":{"self":[{"href":"https:\/\/ecodrive.com.pl\/en\/wp-json\/wp\/v2\/pages\/1547","targetHints":{"allow":["GET"]}}],"collection":[{"href":"https:\/\/ecodrive.com.pl\/en\/wp-json\/wp\/v2\/pages"}],"about":[{"href":"https:\/\/ecodrive.com.pl\/en\/wp-json\/wp\/v2\/types\/page"}],"author":[{"embeddable":true,"href":"https:\/\/ecodrive.com.pl\/en\/wp-json\/wp\/v2\/users\/1"}],"replies":[{"embeddable":true,"href":"https:\/\/ecodrive.com.pl\/en\/wp-json\/wp\/v2\/comments?post=1547"}],"version-history":[{"count":38,"href":"https:\/\/ecodrive.com.pl\/en\/wp-json\/wp\/v2\/pages\/1547\/revisions"}],"predecessor-version":[{"id":1724,"href":"https:\/\/ecodrive.com.pl\/en\/wp-json\/wp\/v2\/pages\/1547\/revisions\/1724"}],"wp:attachment":[{"href":"https:\/\/ecodrive.com.pl\/en\/wp-json\/wp\/v2\/media?parent=1547"}],"curies":[{"name":"wp","href":"https:\/\/api.w.org\/{rel}","templated":true}]}}